{"id":1392,"date":"2021-11-02T14:01:24","date_gmt":"2021-11-02T14:01:24","guid":{"rendered":"https:\/\/hotel.site7.eu\/?page_id=1392"},"modified":"2026-02-16T15:30:13","modified_gmt":"2026-02-16T14:30:13","slug":"offres","status":"publish","type":"page","link":"https:\/\/www.villa-berlioz-hotel-lyon.com\/fr\/offres\/","title":{"rendered":"Offres"},"content":{"rendered":"\t\t<div data-elementor-type=\"wp-page\" data-elementor-id=\"1392\" class=\"elementor elementor-1392\" data-elementor-post-type=\"page\">\n\t\t\t\t\t\t<section data-dce-background-overlay-color=\"#000000\" data-dce-background-image-url=\"https:\/\/www.villa-berlioz-hotel-lyon.com\/wp-content\/uploads\/offres\/bar-reception-offers-villa-berlioz-hotel-lyon.webp\" class=\"elementor-section elementor-top-section elementor-element elementor-element-6c90107 elementor-section-height-min-height elementor-section-boxed elementor-section-height-default elementor-section-items-middle\" data-id=\"6c90107\" data-element_type=\"section\" data-e-type=\"section\" data-settings=\"{&quot;background_background&quot;:&quot;classic&quot;}\">\n\t\t\t\t\t\t\t<div class=\"elementor-background-overlay\"><\/div>\n\t\t\t\t\t\t\t<div class=\"elementor-container elementor-column-gap-default\">\n\t\t\t\t\t<div class=\"elementor-column elementor-col-100 elementor-top-column elementor-element elementor-element-3308e87\" data-id=\"3308e87\" data-element_type=\"column\" data-e-type=\"column\">\n\t\t\t<div class=\"elementor-widget-wrap elementor-element-populated\">\n\t\t\t\t\t\t<div data-dce-title-color=\"#FFFFFF\" class=\"elementor-element elementor-element-6e7b7e0 elementor-widget elementor-widget-heading\" data-id=\"6e7b7e0\" data-element_type=\"widget\" data-e-type=\"widget\" data-widget_type=\"heading.default\">\n\t\t\t\t<div class=\"elementor-widget-container\">\n\t\t\t\t\t<span class=\"elementor-heading-title elementor-size-default\">Offres<\/span>\t\t\t\t<\/div>\n\t\t\t\t<\/div>\n\t\t\t\t\t<\/div>\n\t\t<\/div>\n\t\t\t\t\t<\/div>\n\t\t<\/section>\n\t\t\t\t<section class=\"elementor-section elementor-top-section elementor-element elementor-element-591408d elementor-section-boxed elementor-section-height-default elementor-section-height-default\" data-id=\"591408d\" data-element_type=\"section\" data-e-type=\"section\">\n\t\t\t\t\t\t<div class=\"elementor-container elementor-column-gap-default\">\n\t\t\t\t\t<div class=\"elementor-column elementor-col-100 elementor-top-column elementor-element elementor-element-683be37\" data-id=\"683be37\" data-element_type=\"column\" data-e-type=\"column\">\n\t\t\t<div class=\"elementor-widget-wrap elementor-element-populated\">\n\t\t\t\t\t\t<div class=\"elementor-element elementor-element-ad88b74 elementor-widget elementor-widget-heading\" data-id=\"ad88b74\" data-element_type=\"widget\" data-e-type=\"widget\" data-widget_type=\"heading.default\">\n\t\t\t\t<div class=\"elementor-widget-container\">\n\t\t\t\t\t<h1 class=\"elementor-heading-title elementor-size-default\">Des offres pens\u00e9es pour votre s\u00e9jour \u00e0 Lyon<\/h1>\t\t\t\t<\/div>\n\t\t\t\t<\/div>\n\t\t\t\t<div class=\"elementor-element elementor-element-f7f2016 elementor-widget__width-initial elementor-widget elementor-widget-text-editor\" data-id=\"f7f2016\" data-element_type=\"widget\" data-e-type=\"widget\" data-widget_type=\"text-editor.default\">\n\t\t\t\t<div class=\"elementor-widget-container\">\n\t\t\t\t\t\t\t\t\t<p style=\"text-align: center;\">D\u00e9couvrez nos <strong>offres exclusives<\/strong> et profitez pleinement de <strong>votre s\u00e9jour \u00e0 Lyon.<\/strong> Que vous voyagiez pour le plaisir, pour un week-end en couple ou pour un d\u00e9placement professionnel, nos offres sont con\u00e7ues pour vous garantir confort, flexibilit\u00e9 et le meilleur tarif, au c\u0153ur de la ville.<\/p>\t\t\t\t\t\t\t\t<\/div>\n\t\t\t\t<\/div>\n\t\t\t\t\t<\/div>\n\t\t<\/div>\n\t\t\t\t\t<\/div>\n\t\t<\/section>\n\t\t\t\t<section class=\"elementor-section elementor-top-section elementor-element elementor-element-f31bf67 elementor-section-boxed elementor-section-height-default elementor-section-height-default\" data-id=\"f31bf67\" data-element_type=\"section\" data-e-type=\"section\">\n\t\t\t\t\t\t<div class=\"elementor-container elementor-column-gap-default\">\n\t\t\t\t\t<div class=\"elementor-column elementor-col-100 elementor-top-column elementor-element elementor-element-ce6f0d7\" data-id=\"ce6f0d7\" data-element_type=\"column\" data-e-type=\"column\">\n\t\t\t<div class=\"elementor-widget-wrap elementor-element-populated\">\n\t\t\t\t\t\t<div class=\"elementor-element elementor-element-71d7413 elementor-widget elementor-widget-heading\" data-id=\"71d7413\" data-element_type=\"widget\" data-e-type=\"widget\" data-widget_type=\"heading.default\">\n\t\t\t\t<div class=\"elementor-widget-container\">\n\t\t\t\t\t<h2 class=\"elementor-heading-title elementor-size-default\">Nos offres et bons plans<\/h2>\t\t\t\t<\/div>\n\t\t\t\t<\/div>\n\t\t\t\t<div class=\"elementor-element elementor-element-79c7568 elementor-grid-2 elementor-posts--thumbnail-top elementor-grid-tablet-2 elementor-grid-mobile-1 elementor-widget elementor-widget-posts\" data-id=\"79c7568\" data-element_type=\"widget\" data-e-type=\"widget\" data-settings=\"{&quot;custom_columns&quot;:&quot;2&quot;,&quot;custom_columns_tablet&quot;:&quot;2&quot;,&quot;custom_columns_mobile&quot;:&quot;1&quot;,&quot;custom_row_gap&quot;:{&quot;unit&quot;:&quot;px&quot;,&quot;size&quot;:35,&quot;sizes&quot;:[]},&quot;custom_row_gap_tablet&quot;:{&quot;unit&quot;:&quot;px&quot;,&quot;size&quot;:&quot;&quot;,&quot;sizes&quot;:[]},&quot;custom_row_gap_mobile&quot;:{&quot;unit&quot;:&quot;px&quot;,&quot;size&quot;:&quot;&quot;,&quot;sizes&quot;:[]}}\" data-widget_type=\"posts.custom\">\n\t\t\t\t<div class=\"elementor-widget-container\">\n\t\t\t\t\t      <div class=\"ecs-posts elementor-posts-container elementor-posts   elementor-grid elementor-posts--skin-custom\" data-settings=\"{&quot;current_page&quot;:1,&quot;max_num_pages&quot;:1,&quot;load_method&quot;:&quot;&quot;,&quot;widget_id&quot;:&quot;79c7568&quot;,&quot;post_id&quot;:1392,&quot;theme_id&quot;:1392,&quot;change_url&quot;:false,&quot;reinit_js&quot;:false}\">\n      \t\t<article id=\"post-1408\" class=\"elementor-post elementor-grid-item ecs-post-loop post-1408 offers type-offers status-publish has-post-thumbnail hentry\">\n\t\t\t\t<div data-elementor-type=\"loop\" data-elementor-id=\"1412\" class=\"elementor elementor-1412 post-1408 offers type-offers status-publish has-post-thumbnail hentry\" data-elementor-post-type=\"elementor_library\">\n\t\t\t\t\t<section class=\"elementor-section elementor-top-section elementor-element elementor-element-b229d43 elementor-section-boxed elementor-section-height-default elementor-section-height-default\" data-id=\"b229d43\" data-element_type=\"section\" data-e-type=\"section\">\n\t\t\t\t\t\t<div class=\"elementor-container elementor-column-gap-default\">\n\t\t\t\t\t<div class=\"elementor-column elementor-col-100 elementor-top-column elementor-element elementor-element-d4a3b69\" data-id=\"d4a3b69\" data-element_type=\"column\" data-e-type=\"column\">\n\t\t\t<div class=\"elementor-widget-wrap elementor-element-populated\">\n\t\t\t\t\t\t<div class=\"elementor-element elementor-element-61876fd elementor-widget elementor-widget-theme-post-featured-image elementor-widget-image\" data-id=\"61876fd\" data-element_type=\"widget\" data-e-type=\"widget\" data-widget_type=\"theme-post-featured-image.default\">\n\t\t\t\t<div class=\"elementor-widget-container\">\n\t\t\t\t\t\t\t\t\t\t\t\t\t\t\t<img fetchpriority=\"high\" decoding=\"async\" width=\"800\" height=\"530\" src=\"https:\/\/www.villa-berlioz-hotel-lyon.com\/wp-content\/uploads\/offre-sejour-lyon-hotel-villa-berlioz-meilleur-tarif-1024x678.webp\" class=\"elementor-animation-grow attachment-large size-large wp-image-10860\" alt=\"Offre s\u00e9jour \u00e0 Lyon avec vue sur les quais de Sa\u00f4ne \u2013 H\u00f4tel Villa Berlioz\" srcset=\"https:\/\/www.villa-berlioz-hotel-lyon.com\/wp-content\/uploads\/offre-sejour-lyon-hotel-villa-berlioz-meilleur-tarif-1024x678.webp 1024w, https:\/\/www.villa-berlioz-hotel-lyon.com\/wp-content\/uploads\/offre-sejour-lyon-hotel-villa-berlioz-meilleur-tarif-300x199.webp 300w, https:\/\/www.villa-berlioz-hotel-lyon.com\/wp-content\/uploads\/offre-sejour-lyon-hotel-villa-berlioz-meilleur-tarif-768x509.webp 768w, https:\/\/www.villa-berlioz-hotel-lyon.com\/wp-content\/uploads\/offre-sejour-lyon-hotel-villa-berlioz-meilleur-tarif.webp 1200w\" sizes=\"(max-width: 800px) 100vw, 800px\" \/>\t\t\t\t\t\t\t\t\t\t\t\t\t\t\t<\/div>\n\t\t\t\t<\/div>\n\t\t\t\t<div data-dce-advanced-background-color=\"#F8F6EF\" class=\"elementor-element elementor-element-1981292 elementor-widget elementor-widget-image-box\" data-id=\"1981292\" data-element_type=\"widget\" data-e-type=\"widget\" data-widget_type=\"image-box.default\">\n\t\t\t\t<div class=\"elementor-widget-container\">\n\t\t\t\t\t<div class=\"elementor-image-box-wrapper\"><div class=\"elementor-image-box-content\"><h3 class=\"elementor-image-box-title\">Offre Meilleur Tarif Garanti<\/h3><p class=\"elementor-image-box-description\">OFFRES<\/p><\/div><\/div>\t\t\t\t<\/div>\n\t\t\t\t<\/div>\n\t\t\t\t<div class=\"elementor-element elementor-element-0f47a1d elementor-align-center elementor-widget elementor-widget-button\" data-id=\"0f47a1d\" data-element_type=\"widget\" data-e-type=\"widget\" data-widget_type=\"button.default\">\n\t\t\t\t<div class=\"elementor-widget-container\">\n\t\t\t\t\t\t\t\t\t<div class=\"elementor-button-wrapper\">\n\t\t\t\t\t<a class=\"elementor-button elementor-button-link elementor-size-sm\" href=\"https:\/\/www.villa-berlioz-hotel-lyon.com\/fr\/offers\/offre-meilleur-tarif-garanti-villa-berlioz\/\">\n\t\t\t\t\t\t<span class=\"elementor-button-content-wrapper\">\n\t\t\t\t\t\t\t\t\t<span class=\"elementor-button-text\">D\u00e9couvrir<\/span>\n\t\t\t\t\t<\/span>\n\t\t\t\t\t<\/a>\n\t\t\t\t<\/div>\n\t\t\t\t\t\t\t\t<\/div>\n\t\t\t\t<\/div>\n\t\t\t\t\t<\/div>\n\t\t<\/div>\n\t\t\t\t\t<\/div>\n\t\t<\/section>\n\t\t\t\t<\/div>\n\t\t\t\t<\/article>\n\t\t\t\t<article id=\"post-9423\" class=\"elementor-post elementor-grid-item ecs-post-loop post-9423 offers type-offers status-publish has-post-thumbnail hentry\">\n\t\t\t\t<div data-elementor-type=\"loop\" data-elementor-id=\"1412\" class=\"elementor elementor-1412 post-9423 offers type-offers status-publish has-post-thumbnail hentry\" data-elementor-post-type=\"elementor_library\">\n\t\t\t\t\t<section class=\"elementor-section elementor-top-section elementor-element elementor-element-b229d43 elementor-section-boxed elementor-section-height-default elementor-section-height-default\" data-id=\"b229d43\" data-element_type=\"section\" data-e-type=\"section\">\n\t\t\t\t\t\t<div class=\"elementor-container elementor-column-gap-default\">\n\t\t\t\t\t<div class=\"elementor-column elementor-col-100 elementor-top-column elementor-element elementor-element-d4a3b69\" data-id=\"d4a3b69\" data-element_type=\"column\" data-e-type=\"column\">\n\t\t\t<div class=\"elementor-widget-wrap elementor-element-populated\">\n\t\t\t\t\t\t<div class=\"elementor-element elementor-element-61876fd elementor-widget elementor-widget-theme-post-featured-image elementor-widget-image\" data-id=\"61876fd\" data-element_type=\"widget\" data-e-type=\"widget\" data-widget_type=\"theme-post-featured-image.default\">\n\t\t\t\t<div class=\"elementor-widget-container\">\n\t\t\t\t\t\t\t\t\t\t\t\t\t\t\t<img decoding=\"async\" width=\"800\" height=\"600\" src=\"https:\/\/www.villa-berlioz-hotel-lyon.com\/wp-content\/uploads\/offre-hiver-villa-berlioz-lyon.webp\" class=\"elementor-animation-grow attachment-large size-large wp-image-10408\" alt=\"offre Promo d\u2019hiver -20 % \u00e0 la Villa Berlioz H\u00f4tel \u00e0 Lyonver villa berlioz lyon\" srcset=\"https:\/\/www.villa-berlioz-hotel-lyon.com\/wp-content\/uploads\/offre-hiver-villa-berlioz-lyon.webp 920w, https:\/\/www.villa-berlioz-hotel-lyon.com\/wp-content\/uploads\/offre-hiver-villa-berlioz-lyon-300x225.webp 300w, https:\/\/www.villa-berlioz-hotel-lyon.com\/wp-content\/uploads\/offre-hiver-villa-berlioz-lyon-768x576.webp 768w\" sizes=\"(max-width: 800px) 100vw, 800px\" \/>\t\t\t\t\t\t\t\t\t\t\t\t\t\t\t<\/div>\n\t\t\t\t<\/div>\n\t\t\t\t<div data-dce-advanced-background-color=\"#F8F6EF\" class=\"elementor-element elementor-element-1981292 elementor-widget elementor-widget-image-box\" data-id=\"1981292\" data-element_type=\"widget\" data-e-type=\"widget\" data-widget_type=\"image-box.default\">\n\t\t\t\t<div class=\"elementor-widget-container\">\n\t\t\t\t\t<div class=\"elementor-image-box-wrapper\"><div class=\"elementor-image-box-content\"><h3 class=\"elementor-image-box-title\">Promo Hiver<\/h3><p class=\"elementor-image-box-description\">OFFRES<\/p><\/div><\/div>\t\t\t\t<\/div>\n\t\t\t\t<\/div>\n\t\t\t\t<div class=\"elementor-element elementor-element-0f47a1d elementor-align-center elementor-widget elementor-widget-button\" data-id=\"0f47a1d\" data-element_type=\"widget\" data-e-type=\"widget\" data-widget_type=\"button.default\">\n\t\t\t\t<div class=\"elementor-widget-container\">\n\t\t\t\t\t\t\t\t\t<div class=\"elementor-button-wrapper\">\n\t\t\t\t\t<a class=\"elementor-button elementor-button-link elementor-size-sm\" href=\"https:\/\/www.villa-berlioz-hotel-lyon.com\/fr\/offers\/promo-hiver\/\">\n\t\t\t\t\t\t<span class=\"elementor-button-content-wrapper\">\n\t\t\t\t\t\t\t\t\t<span class=\"elementor-button-text\">D\u00e9couvrir<\/span>\n\t\t\t\t\t<\/span>\n\t\t\t\t\t<\/a>\n\t\t\t\t<\/div>\n\t\t\t\t\t\t\t\t<\/div>\n\t\t\t\t<\/div>\n\t\t\t\t\t<\/div>\n\t\t<\/div>\n\t\t\t\t\t<\/div>\n\t\t<\/section>\n\t\t\t\t<\/div>\n\t\t\t\t<\/article>\n\t\t\t\t<\/div>\n\t\t\t\t\t\t<\/div>\n\t\t\t\t<\/div>\n\t\t\t\t\t<\/div>\n\t\t<\/div>\n\t\t\t\t\t<\/div>\n\t\t<\/section>\n\t\t\t\t<\/div>\n\t\t","protected":false},"excerpt":{"rendered":"<p>Des offres pens\u00e9es pour votre s\u00e9jour \u00e0 Lyon D\u00e9couvrez nos offres exclusives et profitez pleinement de votre s\u00e9jour \u00e0 Lyon. Que vous voyagiez pour le plaisir, pour un week-end en couple ou pour un d\u00e9placement professionnel, nos offres sont con\u00e7ues pour vous garantir confort, flexibilit\u00e9 et le meilleur tarif, au c\u0153ur de la ville. Nos [&hellip;]<\/p>\n","protected":false},"author":3,"featured_media":7292,"parent":0,"menu_order":0,"comment_status":"closed","ping_status":"closed","template":"","meta":{"_acf_changed":false,"footnotes":""},"class_list":["post-1392","page","type-page","status-publish","has-post-thumbnail","hentry"],"acf":[],"_links":{"self":[{"href":"https:\/\/www.villa-berlioz-hotel-lyon.com\/fr\/wp-json\/wp\/v2\/pages\/1392","targetHints":{"allow":["GET"]}}],"collection":[{"href":"https:\/\/www.villa-berlioz-hotel-lyon.com\/fr\/wp-json\/wp\/v2\/pages"}],"about":[{"href":"https:\/\/www.villa-berlioz-hotel-lyon.com\/fr\/wp-json\/wp\/v2\/types\/page"}],"author":[{"embeddable":true,"href":"https:\/\/www.villa-berlioz-hotel-lyon.com\/fr\/wp-json\/wp\/v2\/users\/3"}],"replies":[{"embeddable":true,"href":"https:\/\/www.villa-berlioz-hotel-lyon.com\/fr\/wp-json\/wp\/v2\/comments?post=1392"}],"version-history":[{"count":25,"href":"https:\/\/www.villa-berlioz-hotel-lyon.com\/fr\/wp-json\/wp\/v2\/pages\/1392\/revisions"}],"predecessor-version":[{"id":11159,"href":"https:\/\/www.villa-berlioz-hotel-lyon.com\/fr\/wp-json\/wp\/v2\/pages\/1392\/revisions\/11159"}],"wp:featuredmedia":[{"embeddable":true,"href":"https:\/\/www.villa-berlioz-hotel-lyon.com\/fr\/wp-json\/wp\/v2\/media\/7292"}],"wp:attachment":[{"href":"https:\/\/www.villa-berlioz-hotel-lyon.com\/fr\/wp-json\/wp\/v2\/media?parent=1392"}],"curies":[{"name":"wp","href":"https:\/\/api.w.org\/{rel}","templated":true}]}}